{"id":457,"date":"2021-09-23T17:38:23","date_gmt":"2021-09-23T22:38:23","guid":{"rendered":"http:\/\/198.199.66.9\/?page_id=457"},"modified":"2024-10-22T15:57:30","modified_gmt":"2024-10-22T20:57:30","slug":"professional-team","status":"publish","type":"page","link":"https:\/\/atixgas.com\/?page_id=457","title":{"rendered":"Personal Profesional"},"content":{"rendered":"<p>Contamos con un equipo de profesionales altamente capacitados que se encargan del desarrollo de cada proyecto con el compromiso y la excelencia que nos caracteriza. La calidad de nuestro personal es un factor clave que nos diferencia en el mercado y nos permite ofrecer un valor agregado superior en cada servicio.<\/p>\n<p>Fomentamos el aprendizaje continuo y el crecimiento profesional de nuestro equipo, garantizando que siempre est\u00e9n actualizados con las mejores pr\u00e1cticas y tecnolog\u00edas del sector. Esta dedicaci\u00f3n a la mejora constante se refleja en la calidad de los resultados que entregamos, cumpliendo con los m\u00e1s altos est\u00e1ndares que definen a nuestra empresa.<\/p>\n","protected":false},"excerpt":{"rendered":"<p>Contamos con un equipo de profesionales altamente capacitados que se encargan del desarrollo de cada proyecto con el compromiso y la excelencia que nos caracteriza. La calidad de nuestro personal es un factor clave que nos diferencia en el mercado y nos permite ofrecer un valor agregado superior en cada servicio. Fomentamos el aprendizaje continuo y el crecimiento profesional de nuestro equipo, garantizando que siempre est\u00e9n actualizados con las mejores pr\u00e1cticas y tecnolog\u00edas del sector. Esta dedicaci\u00f3n a la mejora constante se refleja en la calidad de los resultados que entregamos, cumpliendo con los m\u00e1s altos est\u00e1ndares que definen a&#8230; <\/p>\n","protected":false},"author":1,"featured_media":0,"parent":0,"menu_order":0,"comment_status":"closed","ping_status":"closed","template":"template-full-width.php","meta":{"footnotes":""},"class_list":["post-457","page","type-page","status-publish","hentry"],"_links":{"self":[{"href":"https:\/\/atixgas.com\/index.php?rest_route=\/wp\/v2\/pages\/457","targetHints":{"allow":["GET"]}}],"collection":[{"href":"https:\/\/atixgas.com\/index.php?rest_route=\/wp\/v2\/pages"}],"about":[{"href":"https:\/\/atixgas.com\/index.php?rest_route=\/wp\/v2\/types\/page"}],"author":[{"embeddable":true,"href":"https:\/\/atixgas.com\/index.php?rest_route=\/wp\/v2\/users\/1"}],"replies":[{"embeddable":true,"href":"https:\/\/atixgas.com\/index.php?rest_route=%2Fwp%2Fv2%2Fcomments&post=457"}],"version-history":[{"count":4,"href":"https:\/\/atixgas.com\/index.php?rest_route=\/wp\/v2\/pages\/457\/revisions"}],"predecessor-version":[{"id":543,"href":"https:\/\/atixgas.com\/index.php?rest_route=\/wp\/v2\/pages\/457\/revisions\/543"}],"wp:attachment":[{"href":"https:\/\/atixgas.com\/index.php?rest_route=%2Fwp%2Fv2%2Fmedia&parent=457"}],"curies":[{"name":"wp","href":"https:\/\/api.w.org\/{rel}","templated":true}]}}