{"id":455,"date":"2021-09-23T17:36:37","date_gmt":"2021-09-23T22:36:37","guid":{"rendered":"http:\/\/198.199.66.9\/?page_id=455"},"modified":"2024-10-22T15:56:15","modified_gmt":"2024-10-22T20:56:15","slug":"latest-equipment","status":"publish","type":"page","link":"https:\/\/atixgas.com\/?page_id=455","title":{"rendered":"Maquinaria Especializada"},"content":{"rendered":"<p>En Atix Gas, entendemos la importancia de contar con equipos especializados para el mantenimiento y la operaci\u00f3n continua en el sector del gas licuado de petr\u00f3leo (GLP). Nuestro compromiso es proporcionar soluciones r\u00e1pidas y eficientes mediante el uso de herramientas, maquinaria y equipos de \u00faltima generaci\u00f3n, dise\u00f1ados para optimizar cada proceso.<\/p>\n<p>Nuestro equipo de profesionales est\u00e1 capacitado para manejar estos equipos especializados, asegurando la m\u00e1xima seguridad y efectividad en cada intervenci\u00f3n. Al invertir en tecnolog\u00eda avanzada, reducimos los tiempos de respuesta y mejoramos la calidad del servicio, lo que nos permite ofrecer soluciones superiores en menos tiempo y con mayor precisi\u00f3n.<\/p>\n","protected":false},"excerpt":{"rendered":"<p>En Atix Gas, entendemos la importancia de contar con equipos especializados para el mantenimiento y la operaci\u00f3n continua en el sector del gas licuado de petr\u00f3leo (GLP). Nuestro compromiso es proporcionar soluciones r\u00e1pidas y eficientes mediante el uso de herramientas, maquinaria y equipos de \u00faltima generaci\u00f3n, dise\u00f1ados para optimizar cada proceso. Nuestro equipo de profesionales est\u00e1 capacitado para manejar estos equipos especializados, asegurando la m\u00e1xima seguridad y efectividad en cada intervenci\u00f3n. Al invertir en tecnolog\u00eda avanzada, reducimos los tiempos de respuesta y mejoramos la calidad del servicio, lo que nos permite ofrecer soluciones superiores en menos tiempo y con mayor&#8230; <\/p>\n","protected":false},"author":1,"featured_media":0,"parent":0,"menu_order":0,"comment_status":"closed","ping_status":"closed","template":"template-full-width.php","meta":{"footnotes":""},"class_list":["post-455","page","type-page","status-publish","hentry"],"_links":{"self":[{"href":"https:\/\/atixgas.com\/index.php?rest_route=\/wp\/v2\/pages\/455","targetHints":{"allow":["GET"]}}],"collection":[{"href":"https:\/\/atixgas.com\/index.php?rest_route=\/wp\/v2\/pages"}],"about":[{"href":"https:\/\/atixgas.com\/index.php?rest_route=\/wp\/v2\/types\/page"}],"author":[{"embeddable":true,"href":"https:\/\/atixgas.com\/index.php?rest_route=\/wp\/v2\/users\/1"}],"replies":[{"embeddable":true,"href":"https:\/\/atixgas.com\/index.php?rest_route=%2Fwp%2Fv2%2Fcomments&post=455"}],"version-history":[{"count":6,"href":"https:\/\/atixgas.com\/index.php?rest_route=\/wp\/v2\/pages\/455\/revisions"}],"predecessor-version":[{"id":541,"href":"https:\/\/atixgas.com\/index.php?rest_route=\/wp\/v2\/pages\/455\/revisions\/541"}],"wp:attachment":[{"href":"https:\/\/atixgas.com\/index.php?rest_route=%2Fwp%2Fv2%2Fmedia&parent=455"}],"curies":[{"name":"wp","href":"https:\/\/api.w.org\/{rel}","templated":true}]}}